{"id":599,"date":"2019-08-02T13:40:44","date_gmt":"2019-08-02T11:40:44","guid":{"rendered":"http:\/\/www.kbhu.info\/?page_id=599"},"modified":"2019-09-12T11:19:37","modified_gmt":"2019-09-12T09:19:37","slug":"szolgaltatasok","status":"publish","type":"page","link":"https:\/\/www.kbhu.info\/index.php\/szolgaltatasok\/","title":{"rendered":"Szolg\u00e1ltat\u00e1sok"},"content":{"rendered":"\t\t<div data-elementor-type=\"wp-post\" data-elementor-id=\"599\" class=\"elementor elementor-599\">\n\t\t\t\t\t\t\t\t\t<section class=\"elementor-section elementor-top-section elementor-element elementor-element-270813a4 elementor-section-full_width elementor-section-height-min-height elementor-section-items-bottom elementor-section-stretched elementor-section-height-default\" data-id=\"270813a4\" data-element_type=\"section\" data-settings=\"{&quot;background_background&quot;:&quot;classic&quot;,&quot;stretch_section&quot;:&quot;section-stretched&quot;}\">\n\t\t\t\t\t\t<div class=\"elementor-container elementor-column-gap-no\">\n\t\t\t\t\t<div class=\"elementor-column elementor-col-100 elementor-top-column elementor-element elementor-element-5c6752e6\" data-id=\"5c6752e6\" data-element_type=\"column\">\n\t\t\t<div class=\"elementor-widget-wrap elementor-element-populated\">\n\t\t\t\t\t\t\t\t<div class=\"elementor-element elementor-element-9012e20 elementor-widget elementor-widget-heading\" data-id=\"9012e20\" data-element_type=\"widget\" data-widget_type=\"heading.default\">\n\t\t\t\t<div class=\"elementor-widget-container\">\n\t\t\t<h2 class=\"elementor-heading-title elementor-size-large\">Szolg\u00e1ltat\u00e1sok<\/h2>\t\t<\/div>\n\t\t\t\t<\/div>\n\t\t\t\t\t<\/div>\n\t\t<\/div>\n\t\t\t\t\t\t\t<\/div>\n\t\t<\/section>\n\t\t\t\t<section class=\"elementor-section elementor-top-section elementor-element elementor-element-c5c64c2 elementor-section-boxed elementor-section-height-default elementor-section-height-default\" data-id=\"c5c64c2\" data-element_type=\"section\">\n\t\t\t\t\t\t<div class=\"elementor-container elementor-column-gap-default\">\n\t\t\t\t\t<div class=\"elementor-column elementor-col-100 elementor-top-column elementor-element elementor-element-434092b8\" data-id=\"434092b8\" data-element_type=\"column\">\n\t\t\t<div class=\"elementor-widget-wrap\">\n\t\t\t\t\t\t\t\t\t<\/div>\n\t\t<\/div>\n\t\t\t\t\t\t\t<\/div>\n\t\t<\/section>\n\t\t\t\t<section class=\"elementor-section elementor-top-section elementor-element elementor-element-3d53382a elementor-section-height-min-height elementor-section-items-stretch elementor-section-content-middle elementor-section-stretched elementor-section-boxed elementor-section-height-default\" data-id=\"3d53382a\" data-element_type=\"section\" data-settings=\"{&quot;stretch_section&quot;:&quot;section-stretched&quot;}\">\n\t\t\t\t\t\t<div class=\"elementor-container elementor-column-gap-default\">\n\t\t\t\t\t<div class=\"elementor-column elementor-col-50 elementor-top-column elementor-element elementor-element-1cd70126\" data-id=\"1cd70126\" data-element_type=\"column\" data-settings=\"{&quot;background_background&quot;:&quot;classic&quot;}\">\n\t\t\t<div class=\"elementor-widget-wrap elementor-element-populated\">\n\t\t\t\t\t\t\t\t<div class=\"elementor-element elementor-element-73d62ea elementor-widget elementor-widget-image\" data-id=\"73d62ea\" data-element_type=\"widget\" data-widget_type=\"image.default\">\n\t\t\t\t<div class=\"elementor-widget-container\">\n\t\t\t\t\t\t\t\t\t\t\t\t\t\t\t<img fetchpriority=\"high\" decoding=\"async\" width=\"1600\" height=\"1067\" src=\"https:\/\/www.kbhu.info\/wp-content\/uploads\/2019\/07\/datacenter_web.png\" class=\"attachment-full size-full wp-image-428\" alt=\"\" srcset=\"https:\/\/www.kbhu.info\/wp-content\/uploads\/2019\/07\/datacenter_web.png 1600w, https:\/\/www.kbhu.info\/wp-content\/uploads\/2019\/07\/datacenter_web-300x200.png 300w, https:\/\/www.kbhu.info\/wp-content\/uploads\/2019\/07\/datacenter_web-768x512.png 768w, https:\/\/www.kbhu.info\/wp-content\/uploads\/2019\/07\/datacenter_web-1024x683.png 1024w, https:\/\/www.kbhu.info\/wp-content\/uploads\/2019\/07\/datacenter_web-720x480.png 720w\" sizes=\"(max-width: 1600px) 100vw, 1600px\" \/>\t\t\t\t\t\t\t\t\t\t\t\t\t\t\t<\/div>\n\t\t\t\t<\/div>\n\t\t\t\t<div class=\"elementor-element elementor-element-272012f6 elementor-widget elementor-widget-heading\" data-id=\"272012f6\" data-element_type=\"widget\" data-widget_type=\"heading.default\">\n\t\t\t\t<div class=\"elementor-widget-container\">\n\t\t\t<h3 class=\"elementor-heading-title elementor-size-large\">IT infrastrukt\u00fara<\/h3>\t\t<\/div>\n\t\t\t\t<\/div>\n\t\t\t\t<div class=\"elementor-element elementor-element-5b4412 elementor-widget elementor-widget-text-editor\" data-id=\"5b4412\" data-element_type=\"widget\" data-widget_type=\"text-editor.default\">\n\t\t\t\t<div class=\"elementor-widget-container\">\n\t\t\t\t\t\t\t<p>Partner az IT infrastrukt\u00fara tervez\u00e9sben, telep\u00edt\u00e9sben, \u00fczemeltet\u00e9sben<\/p>\t\t\t\t\t\t<\/div>\n\t\t\t\t<\/div>\n\t\t\t\t<div class=\"elementor-element elementor-element-1f62f506 elementor-widget elementor-widget-heading\" data-id=\"1f62f506\" data-element_type=\"widget\" data-widget_type=\"heading.default\">\n\t\t\t\t<div class=\"elementor-widget-container\">\n\t\t\t<h5 class=\"elementor-heading-title elementor-size-small\"><a href=\"http:\/\/www.kbhu.info\/index.php\/it-infrastruktura-uzemeltetes\/\">Tov\u00e1bb<\/a><\/h5>\t\t<\/div>\n\t\t\t\t<\/div>\n\t\t\t\t\t<\/div>\n\t\t<\/div>\n\t\t\t\t<div class=\"elementor-column elementor-col-50 elementor-top-column elementor-element elementor-element-6810205a\" data-id=\"6810205a\" data-element_type=\"column\" data-settings=\"{&quot;background_background&quot;:&quot;classic&quot;}\">\n\t\t\t<div class=\"elementor-widget-wrap elementor-element-populated\">\n\t\t\t\t\t\t\t\t<div class=\"elementor-element elementor-element-63844322 elementor-widget elementor-widget-image\" data-id=\"63844322\" data-element_type=\"widget\" data-widget_type=\"image.default\">\n\t\t\t\t<div class=\"elementor-widget-container\">\n\t\t\t\t\t\t\t\t\t\t\t\t\t\t\t<img decoding=\"async\" width=\"4896\" height=\"3264\" src=\"https:\/\/www.kbhu.info\/wp-content\/uploads\/2019\/08\/robot.jpg\" class=\"attachment-full size-full wp-image-502\" alt=\"\" srcset=\"https:\/\/www.kbhu.info\/wp-content\/uploads\/2019\/08\/robot.jpg 4896w, https:\/\/www.kbhu.info\/wp-content\/uploads\/2019\/08\/robot-300x200.jpg 300w, https:\/\/www.kbhu.info\/wp-content\/uploads\/2019\/08\/robot-768x512.jpg 768w, https:\/\/www.kbhu.info\/wp-content\/uploads\/2019\/08\/robot-1024x683.jpg 1024w, https:\/\/www.kbhu.info\/wp-content\/uploads\/2019\/08\/robot-720x480.jpg 720w\" sizes=\"(max-width: 4896px) 100vw, 4896px\" \/>\t\t\t\t\t\t\t\t\t\t\t\t\t\t\t<\/div>\n\t\t\t\t<\/div>\n\t\t\t\t<div class=\"elementor-element elementor-element-498d449e elementor-widget elementor-widget-heading\" data-id=\"498d449e\" data-element_type=\"widget\" data-widget_type=\"heading.default\">\n\t\t\t\t<div class=\"elementor-widget-container\">\n\t\t\t<h3 class=\"elementor-heading-title elementor-size-large\">Automatiz\u00e1l\u00e1s<\/h3>\t\t<\/div>\n\t\t\t\t<\/div>\n\t\t\t\t<div class=\"elementor-element elementor-element-2a24fbbe elementor-widget elementor-widget-text-editor\" data-id=\"2a24fbbe\" data-element_type=\"widget\" data-widget_type=\"text-editor.default\">\n\t\t\t\t<div class=\"elementor-widget-container\">\n\t\t\t\t\t\t\t<p>Egyszer\u0171 \u00e9s kompex automatiz\u00e1l\u00e1si feladatok tervez\u00e9se, kivitelez\u00e9se<\/p>\t\t\t\t\t\t<\/div>\n\t\t\t\t<\/div>\n\t\t\t\t<div class=\"elementor-element elementor-element-576276ed elementor-widget elementor-widget-heading\" data-id=\"576276ed\" data-element_type=\"widget\" data-widget_type=\"heading.default\">\n\t\t\t\t<div class=\"elementor-widget-container\">\n\t\t\t<h5 class=\"elementor-heading-title elementor-size-small\"><a href=\"https:\/\/www.kbhu.info\/index.php\/automatizalas\/\">Tov\u00e1bb<\/a><\/h5>\t\t<\/div>\n\t\t\t\t<\/div>\n\t\t\t\t\t<\/div>\n\t\t<\/div>\n\t\t\t\t\t\t\t<\/div>\n\t\t<\/section>\n\t\t\t\t\t\t\t<\/div>\n\t\t","protected":false},"excerpt":{"rendered":"<p>Szolg\u00e1ltat\u00e1sok IT infrastrukt\u00fara Partner az IT infrastrukt\u00fara tervez\u00e9sben, telep\u00edt\u00e9sben, \u00fczemeltet\u00e9sben Tov\u00e1bb Automatiz\u00e1l\u00e1s Egyszer\u0171 \u00e9s kompex automatiz\u00e1l\u00e1si feladatok tervez\u00e9se, kivitelez\u00e9se Tov\u00e1bb<\/p>\n","protected":false},"author":1,"featured_media":0,"parent":0,"menu_order":0,"comment_status":"closed","ping_status":"closed","template":"","meta":{"_monsterinsights_skip_tracking":false,"_monsterinsights_sitenote_active":false,"_monsterinsights_sitenote_note":"","_monsterinsights_sitenote_category":0,"footnotes":""},"class_list":["post-599","page","type-page","status-publish","hentry"],"yoast_head":"<!-- This site is optimized with the Yoast SEO plugin v21.8 - https:\/\/yoast.com\/wordpress\/plugins\/seo\/ -->\n<title>Szolg\u00e1ltat\u00e1sok - KB.hu Informatika<\/title>\n<meta name=\"robots\" content=\"index, follow, max-snippet:-1, max-image-preview:large, max-video-preview:-1\" \/>\n<link rel=\"canonical\" href=\"https:\/\/www.kbhu.info\/index.php\/szolgaltatasok\/\" \/>\n<meta property=\"og:locale\" content=\"en_US\" \/>\n<meta property=\"og:type\" content=\"article\" \/>\n<meta property=\"og:title\" content=\"Szolg\u00e1ltat\u00e1sok - KB.hu Informatika\" \/>\n<meta property=\"og:description\" content=\"Szolg\u00e1ltat\u00e1sok IT infrastrukt\u00fara Partner az IT infrastrukt\u00fara tervez\u00e9sben, telep\u00edt\u00e9sben, \u00fczemeltet\u00e9sben Tov\u00e1bb Automatiz\u00e1l\u00e1s Egyszer\u0171 \u00e9s kompex automatiz\u00e1l\u00e1si feladatok tervez\u00e9se, kivitelez\u00e9se Tov\u00e1bb\" \/>\n<meta property=\"og:url\" content=\"https:\/\/www.kbhu.info\/index.php\/szolgaltatasok\/\" \/>\n<meta property=\"og:site_name\" content=\"KB.hu Informatika\" \/>\n<meta property=\"article:modified_time\" content=\"2019-09-12T09:19:37+00:00\" \/>\n<meta property=\"og:image\" content=\"https:\/\/www.kbhu.info\/wp-content\/uploads\/2019\/07\/datacenter_web.png\" \/>\n<meta name=\"twitter:card\" content=\"summary_large_image\" \/>\n<script type=\"application\/ld+json\" class=\"yoast-schema-graph\">{\"@context\":\"https:\/\/schema.org\",\"@graph\":[{\"@type\":\"WebPage\",\"@id\":\"https:\/\/www.kbhu.info\/index.php\/szolgaltatasok\/\",\"url\":\"https:\/\/www.kbhu.info\/index.php\/szolgaltatasok\/\",\"name\":\"Szolg\u00e1ltat\u00e1sok - KB.hu Informatika\",\"isPartOf\":{\"@id\":\"https:\/\/www.kbhu.info\/#website\"},\"datePublished\":\"2019-08-02T11:40:44+00:00\",\"dateModified\":\"2019-09-12T09:19:37+00:00\",\"breadcrumb\":{\"@id\":\"https:\/\/www.kbhu.info\/index.php\/szolgaltatasok\/#breadcrumb\"},\"inLanguage\":\"en-US\",\"potentialAction\":[{\"@type\":\"ReadAction\",\"target\":[\"https:\/\/www.kbhu.info\/index.php\/szolgaltatasok\/\"]}]},{\"@type\":\"BreadcrumbList\",\"@id\":\"https:\/\/www.kbhu.info\/index.php\/szolgaltatasok\/#breadcrumb\",\"itemListElement\":[{\"@type\":\"ListItem\",\"position\":1,\"name\":\"Home\",\"item\":\"https:\/\/www.kbhu.info\/index.php\/en\/home-it-support-and-automation-in-gyor\/\"},{\"@type\":\"ListItem\",\"position\":2,\"name\":\"Szolg\u00e1ltat\u00e1sok\"}]},{\"@type\":\"WebSite\",\"@id\":\"https:\/\/www.kbhu.info\/#website\",\"url\":\"https:\/\/www.kbhu.info\/\",\"name\":\"KB.hu Informatika\",\"description\":\"Manage IT\",\"publisher\":{\"@id\":\"https:\/\/www.kbhu.info\/#organization\"},\"potentialAction\":[{\"@type\":\"SearchAction\",\"target\":{\"@type\":\"EntryPoint\",\"urlTemplate\":\"https:\/\/www.kbhu.info\/?s={search_term_string}\"},\"query-input\":\"required name=search_term_string\"}],\"inLanguage\":\"en-US\"},{\"@type\":\"Organization\",\"@id\":\"https:\/\/www.kbhu.info\/#organization\",\"name\":\"KB.hu Informatika\",\"url\":\"https:\/\/www.kbhu.info\/\",\"logo\":{\"@type\":\"ImageObject\",\"inLanguage\":\"en-US\",\"@id\":\"https:\/\/www.kbhu.info\/#\/schema\/logo\/image\/\",\"url\":\"https:\/\/www.kbhu.info\/wp-content\/uploads\/2019\/07\/KBhu_web_logo_v4-1.png\",\"contentUrl\":\"https:\/\/www.kbhu.info\/wp-content\/uploads\/2019\/07\/KBhu_web_logo_v4-1.png\",\"width\":184,\"height\":74,\"caption\":\"KB.hu Informatika\"},\"image\":{\"@id\":\"https:\/\/www.kbhu.info\/#\/schema\/logo\/image\/\"}}]}<\/script>\n<!-- \/ Yoast SEO plugin. -->","yoast_head_json":{"title":"Szolg\u00e1ltat\u00e1sok - KB.hu Informatika","robots":{"index":"index","follow":"follow","max-snippet":"max-snippet:-1","max-image-preview":"max-image-preview:large","max-video-preview":"max-video-preview:-1"},"canonical":"https:\/\/www.kbhu.info\/index.php\/szolgaltatasok\/","og_locale":"en_US","og_type":"article","og_title":"Szolg\u00e1ltat\u00e1sok - KB.hu Informatika","og_description":"Szolg\u00e1ltat\u00e1sok IT infrastrukt\u00fara Partner az IT infrastrukt\u00fara tervez\u00e9sben, telep\u00edt\u00e9sben, \u00fczemeltet\u00e9sben Tov\u00e1bb Automatiz\u00e1l\u00e1s Egyszer\u0171 \u00e9s kompex automatiz\u00e1l\u00e1si feladatok tervez\u00e9se, kivitelez\u00e9se Tov\u00e1bb","og_url":"https:\/\/www.kbhu.info\/index.php\/szolgaltatasok\/","og_site_name":"KB.hu Informatika","article_modified_time":"2019-09-12T09:19:37+00:00","og_image":[{"url":"https:\/\/www.kbhu.info\/wp-content\/uploads\/2019\/07\/datacenter_web.png"}],"twitter_card":"summary_large_image","schema":{"@context":"https:\/\/schema.org","@graph":[{"@type":"WebPage","@id":"https:\/\/www.kbhu.info\/index.php\/szolgaltatasok\/","url":"https:\/\/www.kbhu.info\/index.php\/szolgaltatasok\/","name":"Szolg\u00e1ltat\u00e1sok - KB.hu Informatika","isPartOf":{"@id":"https:\/\/www.kbhu.info\/#website"},"datePublished":"2019-08-02T11:40:44+00:00","dateModified":"2019-09-12T09:19:37+00:00","breadcrumb":{"@id":"https:\/\/www.kbhu.info\/index.php\/szolgaltatasok\/#breadcrumb"},"inLanguage":"en-US","potentialAction":[{"@type":"ReadAction","target":["https:\/\/www.kbhu.info\/index.php\/szolgaltatasok\/"]}]},{"@type":"BreadcrumbList","@id":"https:\/\/www.kbhu.info\/index.php\/szolgaltatasok\/#breadcrumb","itemListElement":[{"@type":"ListItem","position":1,"name":"Home","item":"https:\/\/www.kbhu.info\/index.php\/en\/home-it-support-and-automation-in-gyor\/"},{"@type":"ListItem","position":2,"name":"Szolg\u00e1ltat\u00e1sok"}]},{"@type":"WebSite","@id":"https:\/\/www.kbhu.info\/#website","url":"https:\/\/www.kbhu.info\/","name":"KB.hu Informatika","description":"Manage IT","publisher":{"@id":"https:\/\/www.kbhu.info\/#organization"},"potentialAction":[{"@type":"SearchAction","target":{"@type":"EntryPoint","urlTemplate":"https:\/\/www.kbhu.info\/?s={search_term_string}"},"query-input":"required name=search_term_string"}],"inLanguage":"en-US"},{"@type":"Organization","@id":"https:\/\/www.kbhu.info\/#organization","name":"KB.hu Informatika","url":"https:\/\/www.kbhu.info\/","logo":{"@type":"ImageObject","inLanguage":"en-US","@id":"https:\/\/www.kbhu.info\/#\/schema\/logo\/image\/","url":"https:\/\/www.kbhu.info\/wp-content\/uploads\/2019\/07\/KBhu_web_logo_v4-1.png","contentUrl":"https:\/\/www.kbhu.info\/wp-content\/uploads\/2019\/07\/KBhu_web_logo_v4-1.png","width":184,"height":74,"caption":"KB.hu Informatika"},"image":{"@id":"https:\/\/www.kbhu.info\/#\/schema\/logo\/image\/"}}]}},"_links":{"self":[{"href":"https:\/\/www.kbhu.info\/index.php\/wp-json\/wp\/v2\/pages\/599","targetHints":{"allow":["GET"]}}],"collection":[{"href":"https:\/\/www.kbhu.info\/index.php\/wp-json\/wp\/v2\/pages"}],"about":[{"href":"https:\/\/www.kbhu.info\/index.php\/wp-json\/wp\/v2\/types\/page"}],"author":[{"embeddable":true,"href":"https:\/\/www.kbhu.info\/index.php\/wp-json\/wp\/v2\/users\/1"}],"replies":[{"embeddable":true,"href":"https:\/\/www.kbhu.info\/index.php\/wp-json\/wp\/v2\/comments?post=599"}],"version-history":[{"count":8,"href":"https:\/\/www.kbhu.info\/index.php\/wp-json\/wp\/v2\/pages\/599\/revisions"}],"predecessor-version":[{"id":1974,"href":"https:\/\/www.kbhu.info\/index.php\/wp-json\/wp\/v2\/pages\/599\/revisions\/1974"}],"wp:attachment":[{"href":"https:\/\/www.kbhu.info\/index.php\/wp-json\/wp\/v2\/media?parent=599"}],"curies":[{"name":"wp","href":"https:\/\/api.w.org\/{rel}","templated":true}]}}